{"id":82939,"date":"2023-02-25T13:57:08","date_gmt":"2023-02-25T13:57:08","guid":{"rendered":"https:\/\/tubbo.com\/galeria-cerramientos-transparentes\/"},"modified":"2025-12-15T10:02:05","modified_gmt":"2025-12-15T10:02:05","slug":"galeria-cerramientos-transparentes","status":"publish","type":"page","link":"https:\/\/tubbo.com\/es\/galeria-cerramientos-transparentes\/","title":{"rendered":"Galer\u00eda Cerramientos transparentes"},"content":{"rendered":"\t\t<div data-elementor-type=\"wp-page\" data-elementor-id=\"82939\" class=\"elementor elementor-82939 elementor-338\" data-elementor-post-type=\"page\">\n\t\t\t\t\t\t<section class=\"elementor-section elementor-top-section elementor-element elementor-element-6c9c825 elementor-section-boxed elementor-section-height-default elementor-section-height-default\" data-id=\"6c9c825\" data-element_type=\"section\" data-e-type=\"section\">\n\t\t\t\t\t\t<div class=\"elementor-container elementor-column-gap-default\">\n\t\t\t\t\t<div class=\"elementor-column elementor-col-100 elementor-top-column elementor-element elementor-element-70fabf1\" data-id=\"70fabf1\" data-element_type=\"column\" data-e-type=\"column\">\n\t\t\t<div class=\"elementor-widget-wrap elementor-element-populated\">\n\t\t\t\t\t\t<div class=\"elementor-element elementor-element-1425821 elementor-widget elementor-widget-heading\" data-id=\"1425821\" data-element_type=\"widget\" data-e-type=\"widget\" data-widget_type=\"heading.default\">\n\t\t\t\t<div class=\"elementor-widget-container\">\n\t\t\t\t\t<h1 class=\"elementor-heading-title elementor-size-default\">Galer\u00eda<\/h1>\t\t\t\t<\/div>\n\t\t\t\t<\/div>\n\t\t\t\t\t<\/div>\n\t\t<\/div>\n\t\t\t\t\t<\/div>\n\t\t<\/section>\n\t\t<div class=\"elementor-element elementor-element-12746d0 e-flex e-con-boxed e-con e-parent\" data-id=\"12746d0\" data-element_type=\"container\" data-e-type=\"container\">\n\t\t\t\t\t<div class=\"e-con-inner\">\n\t\t<div class=\"elementor-element elementor-element-6b81281 e-con-full e-flex e-con e-child\" data-id=\"6b81281\" data-element_type=\"container\" data-e-type=\"container\">\n\t\t\t\t<div class=\"elementor-element elementor-element-b2c6b39 elementor-widget elementor-widget-heading\" data-id=\"b2c6b39\" data-element_type=\"widget\" data-e-type=\"widget\" data-widget_type=\"heading.default\">\n\t\t\t\t<div class=\"elementor-widget-container\">\n\t\t\t\t\t<h2 class=\"elementor-heading-title elementor-size-default\"><a href=\"https:\/\/tubbo.com\/es\/galeria-cerramientos-transparentes\/galeria-habitaciones-transparentes\/\">Suites panor\u00e1micas exteriores<\/a><\/h2>\t\t\t\t<\/div>\n\t\t\t\t<\/div>\n\t\t\t\t<div class=\"elementor-element elementor-element-777acd5 elementor-widget__width-initial elementor-widget elementor-widget-image\" data-id=\"777acd5\" data-element_type=\"widget\" data-e-type=\"widget\" data-widget_type=\"image.default\">\n\t\t\t\t<div class=\"elementor-widget-container\">\n\t\t\t\t\t\t\t\t\t\t\t\t\t\t\t\t<a href=\"https:\/\/tubbo.com\/es\/galeria-cerramientos-transparentes\/galeria-habitaciones-transparentes\/\">\n\t\t\t\t\t\t\t<img fetchpriority=\"high\" decoding=\"async\" width=\"1400\" height=\"854\" src=\"https:\/\/tubbo.com\/wp-content\/uploads\/2024\/01\/Glamping-pod-transparent-room-at-Swiss-lake.jpg\" class=\"elementor-animation-grow attachment-full size-full wp-image-87296\" alt=\"\" srcset=\"https:\/\/tubbo.com\/wp-content\/uploads\/2024\/01\/Glamping-pod-transparent-room-at-Swiss-lake.jpg 1400w, https:\/\/tubbo.com\/wp-content\/uploads\/2024\/01\/Glamping-pod-transparent-room-at-Swiss-lake-300x183.jpg 300w, https:\/\/tubbo.com\/wp-content\/uploads\/2024\/01\/Glamping-pod-transparent-room-at-Swiss-lake-1024x625.jpg 1024w, https:\/\/tubbo.com\/wp-content\/uploads\/2024\/01\/Glamping-pod-transparent-room-at-Swiss-lake-768x468.jpg 768w\" sizes=\"(max-width: 1400px) 100vw, 1400px\" \/>\t\t\t\t\t\t\t\t<\/a>\n\t\t\t\t\t\t\t\t\t\t\t\t\t\t\t<\/div>\n\t\t\t\t<\/div>\n\t\t\t\t<\/div>\n\t\t<div class=\"elementor-element elementor-element-339bb7e e-con-full e-flex e-con e-child\" data-id=\"339bb7e\" data-element_type=\"container\" data-e-type=\"container\">\n\t\t\t\t<div class=\"elementor-element elementor-element-087acc9 elementor-widget elementor-widget-heading\" data-id=\"087acc9\" data-element_type=\"widget\" data-e-type=\"widget\" data-widget_type=\"heading.default\">\n\t\t\t\t<div class=\"elementor-widget-container\">\n\t\t\t\t\t<h2 class=\"elementor-heading-title elementor-size-default\"><a href=\"https:\/\/tubbo.com\/es\/galeria-cerramientos-transparentes\/galeria-terrazas-y-restaurantes\/\">Terrazas y Restaurantes<\/a><\/h2>\t\t\t\t<\/div>\n\t\t\t\t<\/div>\n\t\t\t\t<div class=\"elementor-element elementor-element-934c615 elementor-widget__width-initial elementor-widget elementor-widget-image\" data-id=\"934c615\" data-element_type=\"widget\" data-e-type=\"widget\" data-widget_type=\"image.default\">\n\t\t\t\t<div class=\"elementor-widget-container\">\n\t\t\t\t\t\t\t\t\t\t\t\t\t\t\t\t<a href=\"https:\/\/tubbo.com\/es\/galeria-cerramientos-transparentes\/galeria-terrazas-y-restaurantes\/\">\n\t\t\t\t\t\t\t<img decoding=\"async\" width=\"1067\" height=\"800\" src=\"https:\/\/tubbo.com\/wp-content\/uploads\/2023\/06\/Tubbo-La-Txulapona-Winter-Garden-2-1.jpg\" class=\"elementor-animation-grow attachment-full size-full wp-image-85160\" alt=\"\" srcset=\"https:\/\/tubbo.com\/wp-content\/uploads\/2023\/06\/Tubbo-La-Txulapona-Winter-Garden-2-1.jpg 1067w, https:\/\/tubbo.com\/wp-content\/uploads\/2023\/06\/Tubbo-La-Txulapona-Winter-Garden-2-1-300x225.jpg 300w, https:\/\/tubbo.com\/wp-content\/uploads\/2023\/06\/Tubbo-La-Txulapona-Winter-Garden-2-1-1024x768.jpg 1024w, https:\/\/tubbo.com\/wp-content\/uploads\/2023\/06\/Tubbo-La-Txulapona-Winter-Garden-2-1-768x576.jpg 768w\" sizes=\"(max-width: 1067px) 100vw, 1067px\" \/>\t\t\t\t\t\t\t\t<\/a>\n\t\t\t\t\t\t\t\t\t\t\t\t\t\t\t<\/div>\n\t\t\t\t<\/div>\n\t\t\t\t<\/div>\n\t\t<div class=\"elementor-element elementor-element-8de7622 e-flex e-con-boxed e-con e-child\" data-id=\"8de7622\" data-element_type=\"container\" data-e-type=\"container\">\n\t\t\t\t\t<div class=\"e-con-inner\">\n\t\t<div class=\"elementor-element elementor-element-bfd9e74 e-con-full e-flex e-con e-child\" data-id=\"bfd9e74\" data-element_type=\"container\" data-e-type=\"container\">\n\t\t\t\t<div class=\"elementor-element elementor-element-1f781e5 elementor-widget elementor-widget-heading\" data-id=\"1f781e5\" data-element_type=\"widget\" data-e-type=\"widget\" data-widget_type=\"heading.default\">\n\t\t\t\t<div class=\"elementor-widget-container\">\n\t\t\t\t\t<h2 class=\"elementor-heading-title elementor-size-default\"><a href=\"https:\/\/tubbo.com\/es\/videos-sobre-cerramientos-transparentes\/\">V\u00eddeos<\/a><\/h2>\t\t\t\t<\/div>\n\t\t\t\t<\/div>\n\t\t\t\t<div class=\"elementor-element elementor-element-a83e501 elementor-widget__width-initial elementor-widget elementor-widget-image\" data-id=\"a83e501\" data-element_type=\"widget\" data-e-type=\"widget\" data-widget_type=\"image.default\">\n\t\t\t\t<div class=\"elementor-widget-container\">\n\t\t\t\t\t\t\t\t\t\t\t\t\t\t\t\t<a href=\"https:\/\/tubbo.com\/es\/videos-sobre-cerramientos-transparentes\/\">\n\t\t\t\t\t\t\t<img decoding=\"async\" width=\"800\" height=\"800\" src=\"https:\/\/tubbo.com\/wp-content\/uploads\/2024\/01\/Video-cover-snow-1.jpg\" class=\"elementor-animation-grow attachment-full size-full wp-image-87300\" alt=\"\" srcset=\"https:\/\/tubbo.com\/wp-content\/uploads\/2024\/01\/Video-cover-snow-1.jpg 800w, https:\/\/tubbo.com\/wp-content\/uploads\/2024\/01\/Video-cover-snow-1-300x300.jpg 300w, https:\/\/tubbo.com\/wp-content\/uploads\/2024\/01\/Video-cover-snow-1-150x150.jpg 150w, https:\/\/tubbo.com\/wp-content\/uploads\/2024\/01\/Video-cover-snow-1-768x768.jpg 768w\" sizes=\"(max-width: 800px) 100vw, 800px\" \/>\t\t\t\t\t\t\t\t<\/a>\n\t\t\t\t\t\t\t\t\t\t\t\t\t\t\t<\/div>\n\t\t\t\t<\/div>\n\t\t\t\t<\/div>\n\t\t\t\t\t<\/div>\n\t\t\t\t<\/div>\n\t\t\t\t\t<\/div>\n\t\t\t\t<\/div>\n\t\t\t\t<\/div>\n\t\t","protected":false},"excerpt":{"rendered":"<p>Galer\u00eda Suites panor\u00e1micas exteriores Terrazas y Restaurantes V\u00eddeos<\/p>\n","protected":false},"author":2,"featured_media":0,"parent":0,"menu_order":0,"comment_status":"closed","ping_status":"closed","template":"","meta":{"_joinchat":[],"footnotes":""},"class_list":["post-82939","page","type-page","status-publish","hentry"],"yoast_head":"<!-- This site is optimized with the Yoast SEO plugin v27.3 - https:\/\/yoast.com\/product\/yoast-seo-wordpress\/ -->\n<title>Galer\u00eda Cerramientos transparentes - Tubbo Experience<\/title>\n<meta name=\"robots\" content=\"index, follow, max-snippet:-1, max-image-preview:large, max-video-preview:-1\" \/>\n<link rel=\"canonical\" href=\"https:\/\/tubbo.com\/es\/galeria-cerramientos-transparentes\/\" \/>\n<meta property=\"og:locale\" content=\"es_ES\" \/>\n<meta property=\"og:type\" content=\"article\" \/>\n<meta property=\"og:title\" content=\"Galer\u00eda Cerramientos transparentes - Tubbo Experience\" \/>\n<meta property=\"og:description\" content=\"Galer\u00eda Suites panor\u00e1micas exteriores Terrazas y Restaurantes V\u00eddeos\" \/>\n<meta property=\"og:url\" content=\"https:\/\/tubbo.com\/es\/galeria-cerramientos-transparentes\/\" \/>\n<meta property=\"og:site_name\" content=\"Tubbo Experience\" \/>\n<meta property=\"article:publisher\" content=\"https:\/\/www.facebook.com\/TubboExperience\" \/>\n<meta property=\"article:modified_time\" content=\"2025-12-15T10:02:05+00:00\" \/>\n<meta property=\"og:image\" content=\"http:\/\/tubbo.com\/wp-content\/uploads\/2024\/01\/Glamping-pod-transparent-room-at-Swiss-lake.jpg\" \/>\n<meta name=\"twitter:card\" content=\"summary_large_image\" \/>\n<meta name=\"twitter:site\" content=\"@TubboWinter\" \/>\n<meta name=\"twitter:label1\" content=\"Tiempo de lectura\" \/>\n\t<meta name=\"twitter:data1\" content=\"1 minuto\" \/>\n<script type=\"application\/ld+json\" class=\"yoast-schema-graph\">{\"@context\":\"https:\\\/\\\/schema.org\",\"@graph\":[{\"@type\":\"WebPage\",\"@id\":\"https:\\\/\\\/tubbo.com\\\/es\\\/galeria-cerramientos-transparentes\\\/\",\"url\":\"https:\\\/\\\/tubbo.com\\\/es\\\/galeria-cerramientos-transparentes\\\/\",\"name\":\"Galer\u00eda Cerramientos transparentes - Tubbo Experience\",\"isPartOf\":{\"@id\":\"https:\\\/\\\/tubbo.com\\\/es\\\/#website\"},\"primaryImageOfPage\":{\"@id\":\"https:\\\/\\\/tubbo.com\\\/es\\\/galeria-cerramientos-transparentes\\\/#primaryimage\"},\"image\":{\"@id\":\"https:\\\/\\\/tubbo.com\\\/es\\\/galeria-cerramientos-transparentes\\\/#primaryimage\"},\"thumbnailUrl\":\"http:\\\/\\\/tubbo.com\\\/wp-content\\\/uploads\\\/2024\\\/01\\\/Glamping-pod-transparent-room-at-Swiss-lake.jpg\",\"datePublished\":\"2023-02-25T13:57:08+00:00\",\"dateModified\":\"2025-12-15T10:02:05+00:00\",\"breadcrumb\":{\"@id\":\"https:\\\/\\\/tubbo.com\\\/es\\\/galeria-cerramientos-transparentes\\\/#breadcrumb\"},\"inLanguage\":\"es\",\"potentialAction\":[{\"@type\":\"ReadAction\",\"target\":[\"https:\\\/\\\/tubbo.com\\\/es\\\/galeria-cerramientos-transparentes\\\/\"]}]},{\"@type\":\"ImageObject\",\"inLanguage\":\"es\",\"@id\":\"https:\\\/\\\/tubbo.com\\\/es\\\/galeria-cerramientos-transparentes\\\/#primaryimage\",\"url\":\"http:\\\/\\\/tubbo.com\\\/wp-content\\\/uploads\\\/2024\\\/01\\\/Glamping-pod-transparent-room-at-Swiss-lake.jpg\",\"contentUrl\":\"http:\\\/\\\/tubbo.com\\\/wp-content\\\/uploads\\\/2024\\\/01\\\/Glamping-pod-transparent-room-at-Swiss-lake.jpg\"},{\"@type\":\"BreadcrumbList\",\"@id\":\"https:\\\/\\\/tubbo.com\\\/es\\\/galeria-cerramientos-transparentes\\\/#breadcrumb\",\"itemListElement\":[{\"@type\":\"ListItem\",\"position\":1,\"name\":\"Portada\",\"item\":\"https:\\\/\\\/tubbo.com\\\/es\\\/\"},{\"@type\":\"ListItem\",\"position\":2,\"name\":\"Galer\u00eda Cerramientos transparentes\"}]},{\"@type\":\"WebSite\",\"@id\":\"https:\\\/\\\/tubbo.com\\\/es\\\/#website\",\"url\":\"https:\\\/\\\/tubbo.com\\\/es\\\/\",\"name\":\"Tubbo Experience\",\"description\":\"Specialists in the design and manufacture of transparent enclosures\",\"publisher\":{\"@id\":\"https:\\\/\\\/tubbo.com\\\/es\\\/#organization\"},\"potentialAction\":[{\"@type\":\"SearchAction\",\"target\":{\"@type\":\"EntryPoint\",\"urlTemplate\":\"https:\\\/\\\/tubbo.com\\\/es\\\/?s={search_term_string}\"},\"query-input\":{\"@type\":\"PropertyValueSpecification\",\"valueRequired\":true,\"valueName\":\"search_term_string\"}}],\"inLanguage\":\"es\"},{\"@type\":\"Organization\",\"@id\":\"https:\\\/\\\/tubbo.com\\\/es\\\/#organization\",\"name\":\"Tubbo Experience\",\"url\":\"https:\\\/\\\/tubbo.com\\\/es\\\/\",\"logo\":{\"@type\":\"ImageObject\",\"inLanguage\":\"es\",\"@id\":\"https:\\\/\\\/tubbo.com\\\/es\\\/#\\\/schema\\\/logo\\\/image\\\/\",\"url\":\"https:\\\/\\\/tubbo.com\\\/wp-content\\\/uploads\\\/2023\\\/02\\\/cropped-Tubbo-logo-1.webp\",\"contentUrl\":\"https:\\\/\\\/tubbo.com\\\/wp-content\\\/uploads\\\/2023\\\/02\\\/cropped-Tubbo-logo-1.webp\",\"width\":686,\"height\":178,\"caption\":\"Tubbo Experience\"},\"image\":{\"@id\":\"https:\\\/\\\/tubbo.com\\\/es\\\/#\\\/schema\\\/logo\\\/image\\\/\"},\"sameAs\":[\"https:\\\/\\\/www.facebook.com\\\/TubboExperience\",\"https:\\\/\\\/x.com\\\/TubboWinter\",\"https:\\\/\\\/www.instagram.com\\\/tubboexperience\\\/\",\"https:\\\/\\\/www.pinterest.es\\\/TubboHospitality\\\/\",\"https:\\\/\\\/www.linkedin.com\\\/company\\\/tubbo-enclosures\\\/\",\"https:\\\/\\\/www.youtube.com\\\/@tubboexperience\"]}]}<\/script>\n<!-- \/ Yoast SEO plugin. -->","yoast_head_json":{"title":"Galer\u00eda Cerramientos transparentes - Tubbo Experience","robots":{"index":"index","follow":"follow","max-snippet":"max-snippet:-1","max-image-preview":"max-image-preview:large","max-video-preview":"max-video-preview:-1"},"canonical":"https:\/\/tubbo.com\/es\/galeria-cerramientos-transparentes\/","og_locale":"es_ES","og_type":"article","og_title":"Galer\u00eda Cerramientos transparentes - Tubbo Experience","og_description":"Galer\u00eda Suites panor\u00e1micas exteriores Terrazas y Restaurantes V\u00eddeos","og_url":"https:\/\/tubbo.com\/es\/galeria-cerramientos-transparentes\/","og_site_name":"Tubbo Experience","article_publisher":"https:\/\/www.facebook.com\/TubboExperience","article_modified_time":"2025-12-15T10:02:05+00:00","og_image":[{"url":"http:\/\/tubbo.com\/wp-content\/uploads\/2024\/01\/Glamping-pod-transparent-room-at-Swiss-lake.jpg","type":"","width":"","height":""}],"twitter_card":"summary_large_image","twitter_site":"@TubboWinter","twitter_misc":{"Tiempo de lectura":"1 minuto"},"schema":{"@context":"https:\/\/schema.org","@graph":[{"@type":"WebPage","@id":"https:\/\/tubbo.com\/es\/galeria-cerramientos-transparentes\/","url":"https:\/\/tubbo.com\/es\/galeria-cerramientos-transparentes\/","name":"Galer\u00eda Cerramientos transparentes - Tubbo Experience","isPartOf":{"@id":"https:\/\/tubbo.com\/es\/#website"},"primaryImageOfPage":{"@id":"https:\/\/tubbo.com\/es\/galeria-cerramientos-transparentes\/#primaryimage"},"image":{"@id":"https:\/\/tubbo.com\/es\/galeria-cerramientos-transparentes\/#primaryimage"},"thumbnailUrl":"http:\/\/tubbo.com\/wp-content\/uploads\/2024\/01\/Glamping-pod-transparent-room-at-Swiss-lake.jpg","datePublished":"2023-02-25T13:57:08+00:00","dateModified":"2025-12-15T10:02:05+00:00","breadcrumb":{"@id":"https:\/\/tubbo.com\/es\/galeria-cerramientos-transparentes\/#breadcrumb"},"inLanguage":"es","potentialAction":[{"@type":"ReadAction","target":["https:\/\/tubbo.com\/es\/galeria-cerramientos-transparentes\/"]}]},{"@type":"ImageObject","inLanguage":"es","@id":"https:\/\/tubbo.com\/es\/galeria-cerramientos-transparentes\/#primaryimage","url":"http:\/\/tubbo.com\/wp-content\/uploads\/2024\/01\/Glamping-pod-transparent-room-at-Swiss-lake.jpg","contentUrl":"http:\/\/tubbo.com\/wp-content\/uploads\/2024\/01\/Glamping-pod-transparent-room-at-Swiss-lake.jpg"},{"@type":"BreadcrumbList","@id":"https:\/\/tubbo.com\/es\/galeria-cerramientos-transparentes\/#breadcrumb","itemListElement":[{"@type":"ListItem","position":1,"name":"Portada","item":"https:\/\/tubbo.com\/es\/"},{"@type":"ListItem","position":2,"name":"Galer\u00eda Cerramientos transparentes"}]},{"@type":"WebSite","@id":"https:\/\/tubbo.com\/es\/#website","url":"https:\/\/tubbo.com\/es\/","name":"Tubbo Experience","description":"Specialists in the design and manufacture of transparent enclosures","publisher":{"@id":"https:\/\/tubbo.com\/es\/#organization"},"potentialAction":[{"@type":"SearchAction","target":{"@type":"EntryPoint","urlTemplate":"https:\/\/tubbo.com\/es\/?s={search_term_string}"},"query-input":{"@type":"PropertyValueSpecification","valueRequired":true,"valueName":"search_term_string"}}],"inLanguage":"es"},{"@type":"Organization","@id":"https:\/\/tubbo.com\/es\/#organization","name":"Tubbo Experience","url":"https:\/\/tubbo.com\/es\/","logo":{"@type":"ImageObject","inLanguage":"es","@id":"https:\/\/tubbo.com\/es\/#\/schema\/logo\/image\/","url":"https:\/\/tubbo.com\/wp-content\/uploads\/2023\/02\/cropped-Tubbo-logo-1.webp","contentUrl":"https:\/\/tubbo.com\/wp-content\/uploads\/2023\/02\/cropped-Tubbo-logo-1.webp","width":686,"height":178,"caption":"Tubbo Experience"},"image":{"@id":"https:\/\/tubbo.com\/es\/#\/schema\/logo\/image\/"},"sameAs":["https:\/\/www.facebook.com\/TubboExperience","https:\/\/x.com\/TubboWinter","https:\/\/www.instagram.com\/tubboexperience\/","https:\/\/www.pinterest.es\/TubboHospitality\/","https:\/\/www.linkedin.com\/company\/tubbo-enclosures\/","https:\/\/www.youtube.com\/@tubboexperience"]}]}},"_links":{"self":[{"href":"https:\/\/tubbo.com\/es\/wp-json\/wp\/v2\/pages\/82939","targetHints":{"allow":["GET"]}}],"collection":[{"href":"https:\/\/tubbo.com\/es\/wp-json\/wp\/v2\/pages"}],"about":[{"href":"https:\/\/tubbo.com\/es\/wp-json\/wp\/v2\/types\/page"}],"author":[{"embeddable":true,"href":"https:\/\/tubbo.com\/es\/wp-json\/wp\/v2\/users\/2"}],"replies":[{"embeddable":true,"href":"https:\/\/tubbo.com\/es\/wp-json\/wp\/v2\/comments?post=82939"}],"version-history":[{"count":22,"href":"https:\/\/tubbo.com\/es\/wp-json\/wp\/v2\/pages\/82939\/revisions"}],"predecessor-version":[{"id":90802,"href":"https:\/\/tubbo.com\/es\/wp-json\/wp\/v2\/pages\/82939\/revisions\/90802"}],"wp:attachment":[{"href":"https:\/\/tubbo.com\/es\/wp-json\/wp\/v2\/media?parent=82939"}],"curies":[{"name":"wp","href":"https:\/\/api.w.org\/{rel}","templated":true}]}}