{"id":82909,"date":"2023-02-26T09:52:21","date_gmt":"2023-02-26T09:52:21","guid":{"rendered":"https:\/\/tubbo.com\/especificaciones-de-la-habitacion\/"},"modified":"2023-04-23T08:17:35","modified_gmt":"2023-04-23T08:17:35","slug":"especificaciones-de-la-habitacion","status":"publish","type":"page","link":"https:\/\/tubbo.com\/es\/glamping\/especificaciones-de-la-habitacion\/","title":{"rendered":"Especificaciones de la habitaci\u00f3n"},"content":{"rendered":"\t\t<div data-elementor-type=\"wp-page\" data-elementor-id=\"82909\" class=\"elementor elementor-82909 elementor-515\" data-elementor-post-type=\"page\">\n\t\t\t\t\t\t<section class=\"elementor-section elementor-top-section elementor-element elementor-element-ce1c9da elementor-section-boxed elementor-section-height-default elementor-section-height-default\" data-id=\"ce1c9da\" data-element_type=\"section\" data-e-type=\"section\" id=\"RoomModels\">\n\t\t\t\t\t\t<div class=\"elementor-container elementor-column-gap-default\">\n\t\t\t\t\t<div class=\"elementor-column elementor-col-100 elementor-top-column elementor-element elementor-element-6096795\" data-id=\"6096795\" data-element_type=\"column\" data-e-type=\"column\">\n\t\t\t<div class=\"elementor-widget-wrap elementor-element-populated\">\n\t\t\t\t\t\t<div class=\"elementor-element elementor-element-9908939 elementor-widget elementor-widget-heading\" data-id=\"9908939\" data-element_type=\"widget\" data-e-type=\"widget\" data-widget_type=\"heading.default\">\n\t\t\t\t<div class=\"elementor-widget-container\">\n\t\t\t\t\t<h2 class=\"elementor-heading-title elementor-size-default\">Modelos de habitaciones<\/h2>\t\t\t\t<\/div>\n\t\t\t\t<\/div>\n\t\t\t\t<section class=\"elementor-section elementor-inner-section elementor-element elementor-element-478392a elementor-section-boxed elementor-section-height-default elementor-section-height-default\" data-id=\"478392a\" data-element_type=\"section\" data-e-type=\"section\">\n\t\t\t\t\t\t<div class=\"elementor-container elementor-column-gap-default\">\n\t\t\t\t\t<div class=\"elementor-column elementor-col-50 elementor-inner-column elementor-element elementor-element-be9c906\" data-id=\"be9c906\" data-element_type=\"column\" data-e-type=\"column\">\n\t\t\t<div class=\"elementor-widget-wrap elementor-element-populated\">\n\t\t\t\t\t\t<div class=\"elementor-element elementor-element-f12562a elementor-widget elementor-widget-heading\" data-id=\"f12562a\" data-element_type=\"widget\" data-e-type=\"widget\" data-widget_type=\"heading.default\">\n\t\t\t\t<div class=\"elementor-widget-container\">\n\t\t\t\t\t<h3 class=\"elementor-heading-title elementor-size-large\">Suite Tubbo<\/h3>\t\t\t\t<\/div>\n\t\t\t\t<\/div>\n\t\t\t\t<div class=\"elementor-element elementor-element-bc1866e elementor-widget elementor-widget-image\" data-id=\"bc1866e\" data-element_type=\"widget\" data-e-type=\"widget\" data-widget_type=\"image.default\">\n\t\t\t\t<div class=\"elementor-widget-container\">\n\t\t\t\t\t\t\t\t\t\t\t\t\t\t\t<img fetchpriority=\"high\" decoding=\"async\" width=\"768\" height=\"424\" src=\"https:\/\/tubbo.com\/wp-content\/uploads\/2023\/03\/Tubbo-Suite-sketch-768x424.jpg\" class=\"attachment-medium_large size-medium_large wp-image-809\" alt=\"Sketch of a Tubbo model Suite\" srcset=\"https:\/\/tubbo.com\/wp-content\/uploads\/2023\/03\/Tubbo-Suite-sketch-768x424.jpg 768w, https:\/\/tubbo.com\/wp-content\/uploads\/2023\/03\/Tubbo-Suite-sketch-300x166.jpg 300w, https:\/\/tubbo.com\/wp-content\/uploads\/2023\/03\/Tubbo-Suite-sketch-1024x566.jpg 1024w, https:\/\/tubbo.com\/wp-content\/uploads\/2023\/03\/Tubbo-Suite-sketch.jpg 1200w\" sizes=\"(max-width: 768px) 100vw, 768px\" \/>\t\t\t\t\t\t\t\t\t\t\t\t\t\t\t<\/div>\n\t\t\t\t<\/div>\n\t\t\t\t<div class=\"elementor-element elementor-element-b4dba25 elementor-widget elementor-widget-text-editor\" data-id=\"b4dba25\" data-element_type=\"widget\" data-e-type=\"widget\" data-widget_type=\"text-editor.default\">\n\t\t\t\t<div class=\"elementor-widget-container\">\n\t\t\t\t\t\t\t\t\t<p><strong>6,6 x 3,6 metros (23,5 m2).<\/strong><\/p>\n<ul>\n<li>Cuarto de ba\u00f1o<\/li>\n<li>Dormitorio<\/li>\n<li>Sala de estar<\/li>\n<\/ul>\n\t\t\t\t\t\t\t\t<\/div>\n\t\t\t\t<\/div>\n\t\t\t\t\t<\/div>\n\t\t<\/div>\n\t\t\t\t<div class=\"elementor-column elementor-col-50 elementor-inner-column elementor-element elementor-element-0046662\" data-id=\"0046662\" data-element_type=\"column\" data-e-type=\"column\">\n\t\t\t<div class=\"elementor-widget-wrap elementor-element-populated\">\n\t\t\t\t\t\t<div class=\"elementor-element elementor-element-8b390dd elementor-widget elementor-widget-heading\" data-id=\"8b390dd\" data-element_type=\"widget\" data-e-type=\"widget\" data-widget_type=\"heading.default\">\n\t\t\t\t<div class=\"elementor-widget-container\">\n\t\t\t\t\t<h3 class=\"elementor-heading-title elementor-size-default\">Tubbo Presidencial<\/h3>\t\t\t\t<\/div>\n\t\t\t\t<\/div>\n\t\t\t\t<div class=\"elementor-element elementor-element-c6ed4ea elementor-widget elementor-widget-image\" data-id=\"c6ed4ea\" data-element_type=\"widget\" data-e-type=\"widget\" data-widget_type=\"image.default\">\n\t\t\t\t<div class=\"elementor-widget-container\">\n\t\t\t\t\t\t\t\t\t\t\t\t\t\t\t<img decoding=\"async\" width=\"768\" height=\"424\" src=\"https:\/\/tubbo.com\/wp-content\/uploads\/2023\/03\/Tubbo-Presidential-Sketch-768x424.jpg\" class=\"attachment-medium_large size-medium_large wp-image-805\" alt=\"Sketch of a Tubbo model Presidential\" srcset=\"https:\/\/tubbo.com\/wp-content\/uploads\/2023\/03\/Tubbo-Presidential-Sketch-768x424.jpg 768w, https:\/\/tubbo.com\/wp-content\/uploads\/2023\/03\/Tubbo-Presidential-Sketch-300x166.jpg 300w, https:\/\/tubbo.com\/wp-content\/uploads\/2023\/03\/Tubbo-Presidential-Sketch-1024x566.jpg 1024w, https:\/\/tubbo.com\/wp-content\/uploads\/2023\/03\/Tubbo-Presidential-Sketch.jpg 1200w\" sizes=\"(max-width: 768px) 100vw, 768px\" \/>\t\t\t\t\t\t\t\t\t\t\t\t\t\t\t<\/div>\n\t\t\t\t<\/div>\n\t\t\t\t<div class=\"elementor-element elementor-element-62b2853 elementor-widget elementor-widget-text-editor\" data-id=\"62b2853\" data-element_type=\"widget\" data-e-type=\"widget\" data-widget_type=\"text-editor.default\">\n\t\t\t\t<div class=\"elementor-widget-container\">\n\t\t\t\t\t\t\t\t\t<p><strong>8,6 x 3,6 metros (30,5 m2)<\/strong><\/p>\n<ul>\n<li>Cuarto de ba\u00f1o<\/li>\n<li>Dormitorio<\/li>\n<li>Sala<\/li>\n<\/ul>\n\t\t\t\t\t\t\t\t<\/div>\n\t\t\t\t<\/div>\n\t\t\t\t\t<\/div>\n\t\t<\/div>\n\t\t\t\t\t<\/div>\n\t\t<\/section>\n\t\t\t\t\t<\/div>\n\t\t<\/div>\n\t\t\t\t\t<\/div>\n\t\t<\/section>\n\t\t\t\t<section class=\"elementor-section elementor-top-section elementor-element elementor-element-1692583 elementor-section-boxed elementor-section-height-default elementor-section-height-default\" data-id=\"1692583\" data-element_type=\"section\" data-e-type=\"section\">\n\t\t\t\t\t\t<div class=\"elementor-container elementor-column-gap-default\">\n\t\t\t\t\t<div class=\"elementor-column elementor-col-100 elementor-top-column elementor-element elementor-element-bf2fd5d\" data-id=\"bf2fd5d\" data-element_type=\"column\" data-e-type=\"column\">\n\t\t\t<div class=\"elementor-widget-wrap elementor-element-populated\">\n\t\t\t\t\t\t<div class=\"elementor-element elementor-element-bb69b6f elementor-widget elementor-widget-heading\" data-id=\"bb69b6f\" data-element_type=\"widget\" data-e-type=\"widget\" id=\"Merged\" data-widget_type=\"heading.default\">\n\t\t\t\t<div class=\"elementor-widget-container\">\n\t\t\t\t\t<h2 class=\"elementor-heading-title elementor-size-default\">Fusionado con el medio ambiente<\/h2>\t\t\t\t<\/div>\n\t\t\t\t<\/div>\n\t\t\t\t<div class=\"elementor-element elementor-element-5b56793 elementor-widget elementor-widget-text-editor\" data-id=\"5b56793\" data-element_type=\"widget\" data-e-type=\"widget\" data-widget_type=\"text-editor.default\">\n\t\t\t\t<div class=\"elementor-widget-container\">\n\t\t\t\t\t\t\t\t\t<p>Nuestros vinilos microperforados cumplen una doble funci\u00f3n. Por un lado, camuflan las suites disimul\u00e1ndolas en cualquier entorno y, por otro, filtran la luz solar proyectando una agradable sombra.<\/p>\n\t\t\t\t\t\t\t\t<\/div>\n\t\t\t\t<\/div>\n\t\t\t\t<div class=\"elementor-element elementor-element-63e28e7 elementor-widget elementor-widget-gallery\" data-id=\"63e28e7\" data-element_type=\"widget\" data-e-type=\"widget\" data-settings=\"{&quot;gallery_layout&quot;:&quot;masonry&quot;,&quot;columns&quot;:2,&quot;lazyload&quot;:&quot;yes&quot;,&quot;columns_tablet&quot;:2,&quot;columns_mobile&quot;:1,&quot;gap&quot;:{&quot;unit&quot;:&quot;px&quot;,&quot;size&quot;:10,&quot;sizes&quot;:[]},&quot;gap_laptop&quot;:{&quot;unit&quot;:&quot;px&quot;,&quot;size&quot;:10,&quot;sizes&quot;:[]},&quot;gap_tablet&quot;:{&quot;unit&quot;:&quot;px&quot;,&quot;size&quot;:10,&quot;sizes&quot;:[]},&quot;gap_mobile&quot;:{&quot;unit&quot;:&quot;px&quot;,&quot;size&quot;:10,&quot;sizes&quot;:[]},&quot;link_to&quot;:&quot;file&quot;,&quot;overlay_background&quot;:&quot;yes&quot;,&quot;content_hover_animation&quot;:&quot;fade-in&quot;}\" data-widget_type=\"gallery.default\">\n\t\t\t\t<div class=\"elementor-widget-container\">\n\t\t\t\t\t\t\t<div class=\"elementor-gallery__container\">\n\t\t\t\t\t\t\t<a class=\"e-gallery-item elementor-gallery-item elementor-animated-content\" href=\"https:\/\/tubbo.com\/wp-content\/uploads\/2023\/02\/Tubbo-glamping-pod-mimicking-nature.jpg\" data-elementor-open-lightbox=\"yes\" data-elementor-lightbox-slideshow=\"63e28e7\" data-elementor-lightbox-description=\"Tubbo glamping pod mimicking nature\" data-e-action-hash=\"#elementor-action%3Aaction%3Dlightbox%26settings%3DeyJpZCI6NDMyLCJ1cmwiOiJodHRwczpcL1wvdHViYm8uY29tXC93cC1jb250ZW50XC91cGxvYWRzXC8yMDIzXC8wMlwvVHViYm8tZ2xhbXBpbmctcG9kLW1pbWlja2luZy1uYXR1cmUuanBnIiwic2xpZGVzaG93IjoiNjNlMjhlNyJ9\">\n\t\t\t\t\t<div class=\"e-gallery-image elementor-gallery-item__image\" data-thumbnail=\"https:\/\/tubbo.com\/wp-content\/uploads\/2023\/02\/Tubbo-glamping-pod-mimicking-nature-300x169.jpg\" data-width=\"300\" data-height=\"169\" aria-label=\"Tubbo glamping pod mimicking nature\" role=\"img\" ><\/div>\n\t\t\t\t\t\t\t\t\t\t\t<div class=\"elementor-gallery-item__overlay\"><\/div>\n\t\t\t\t\t\t\t\t\t\t\t\t\t\t<\/a>\n\t\t\t\t\t\t\t<a class=\"e-gallery-item elementor-gallery-item elementor-animated-content\" href=\"https:\/\/tubbo.com\/wp-content\/uploads\/2023\/03\/Outdoor-transparent-room-mimicked-winter-snow.webp\" data-elementor-open-lightbox=\"yes\" data-elementor-lightbox-slideshow=\"63e28e7\" data-elementor-lightbox-description=\"Tubbo mimicked with snow on winter\" data-e-action-hash=\"#elementor-action%3Aaction%3Dlightbox%26settings%3DeyJpZCI6NzUzLCJ1cmwiOiJodHRwczpcL1wvdHViYm8uY29tXC93cC1jb250ZW50XC91cGxvYWRzXC8yMDIzXC8wM1wvT3V0ZG9vci10cmFuc3BhcmVudC1yb29tLW1pbWlja2VkLXdpbnRlci1zbm93LndlYnAiLCJzbGlkZXNob3ciOiI2M2UyOGU3In0%3D\">\n\t\t\t\t\t<div class=\"e-gallery-image elementor-gallery-item__image\" data-thumbnail=\"https:\/\/tubbo.com\/wp-content\/uploads\/2023\/03\/Outdoor-transparent-room-mimicked-winter-snow-300x169.webp\" data-width=\"300\" data-height=\"169\" aria-label=\"Tubbo mimicked with snow on winter\" role=\"img\" ><\/div>\n\t\t\t\t\t\t\t\t\t\t\t<div class=\"elementor-gallery-item__overlay\"><\/div>\n\t\t\t\t\t\t\t\t\t\t\t\t\t\t<\/a>\n\t\t\t\t\t<\/div>\n\t\t\t\t\t<\/div>\n\t\t\t\t<\/div>\n\t\t\t\t\t<\/div>\n\t\t<\/div>\n\t\t\t\t\t<\/div>\n\t\t<\/section>\n\t\t\t\t<section class=\"elementor-section elementor-top-section elementor-element elementor-element-de67e94 elementor-section-boxed elementor-section-height-default elementor-section-height-default\" data-id=\"de67e94\" data-element_type=\"section\" data-e-type=\"section\">\n\t\t\t\t\t\t<div class=\"elementor-container elementor-column-gap-default\">\n\t\t\t\t\t<div class=\"elementor-column elementor-col-100 elementor-top-column elementor-element elementor-element-0aaf8d6\" data-id=\"0aaf8d6\" data-element_type=\"column\" data-e-type=\"column\">\n\t\t\t<div class=\"elementor-widget-wrap elementor-element-populated\">\n\t\t\t\t\t\t<div class=\"elementor-element elementor-element-7efde35 elementor-align-center elementor-widget elementor-widget-button\" data-id=\"7efde35\" data-element_type=\"widget\" data-e-type=\"widget\" data-widget_type=\"button.default\">\n\t\t\t\t<div class=\"elementor-widget-container\">\n\t\t\t\t\t\t\t\t\t<div class=\"elementor-button-wrapper\">\n\t\t\t\t\t<a class=\"elementor-button elementor-button-link elementor-size-lg elementor-animation-grow\" href=\"https:\/\/tubbo.com\/es\/glamping\/por-que-tubbo\/\">\n\t\t\t\t\t\t<span class=\"elementor-button-content-wrapper\">\n\t\t\t\t\t\t\t\t\t<span class=\"elementor-button-text\">\u00bfPor qu\u00e9 Tubbo?<\/span>\n\t\t\t\t\t<\/span>\n\t\t\t\t\t<\/a>\n\t\t\t\t<\/div>\n\t\t\t\t\t\t\t\t<\/div>\n\t\t\t\t<\/div>\n\t\t\t\t\t<\/div>\n\t\t<\/div>\n\t\t\t\t\t<\/div>\n\t\t<\/section>\n\t\t\t\t<\/div>\n\t\t","protected":false},"excerpt":{"rendered":"<p>Modelos de habitaciones Suite Tubbo 6,6 x 3,6 metros (23,5 m2). Cuarto de ba\u00f1o Dormitorio Sala de estar Tubbo Presidencial 8,6 x 3,6 metros (30,5 m2) Cuarto de ba\u00f1o Dormitorio Sala Fusionado con el medio ambiente Nuestros vinilos microperforados cumplen una doble funci\u00f3n. Por un lado, camuflan las suites disimul\u00e1ndolas en cualquier entorno y, por [&hellip;]<\/p>\n","protected":false},"author":2,"featured_media":0,"parent":82933,"menu_order":30,"comment_status":"closed","ping_status":"closed","template":"","meta":{"_joinchat":[],"footnotes":""},"class_list":["post-82909","page","type-page","status-publish","hentry"],"yoast_head":"<!-- This site is optimized with the Yoast SEO plugin v27.4 - https:\/\/yoast.com\/product\/yoast-seo-wordpress\/ -->\n<title>Especificaciones de la habitaci\u00f3n - Tubbo Experience<\/title>\n<meta name=\"robots\" content=\"index, follow, max-snippet:-1, max-image-preview:large, max-video-preview:-1\" \/>\n<link rel=\"canonical\" href=\"https:\/\/tubbo.com\/es\/glamping\/especificaciones-de-la-habitacion\/\" \/>\n<meta property=\"og:locale\" content=\"es_ES\" \/>\n<meta property=\"og:type\" content=\"article\" \/>\n<meta property=\"og:title\" content=\"Especificaciones de la habitaci\u00f3n - Tubbo Experience\" \/>\n<meta property=\"og:description\" content=\"Modelos de habitaciones Suite Tubbo 6,6 x 3,6 metros (23,5 m2). Cuarto de ba\u00f1o Dormitorio Sala de estar Tubbo Presidencial 8,6 x 3,6 metros (30,5 m2) Cuarto de ba\u00f1o Dormitorio Sala Fusionado con el medio ambiente Nuestros vinilos microperforados cumplen una doble funci\u00f3n. Por un lado, camuflan las suites disimul\u00e1ndolas en cualquier entorno y, por [&hellip;]\" \/>\n<meta property=\"og:url\" content=\"https:\/\/tubbo.com\/es\/glamping\/especificaciones-de-la-habitacion\/\" \/>\n<meta property=\"og:site_name\" content=\"Tubbo Experience\" \/>\n<meta property=\"article:publisher\" content=\"https:\/\/www.facebook.com\/TubboExperience\" \/>\n<meta property=\"article:modified_time\" content=\"2023-04-23T08:17:35+00:00\" \/>\n<meta property=\"og:image\" content=\"http:\/\/tubbo.com\/wp-content\/uploads\/2023\/03\/Tubbo-Suite-sketch-768x424.jpg\" \/>\n<meta name=\"twitter:card\" content=\"summary_large_image\" \/>\n<meta name=\"twitter:site\" content=\"@TubboWinter\" \/>\n<meta name=\"twitter:label1\" content=\"Tiempo de lectura\" \/>\n\t<meta name=\"twitter:data1\" content=\"1 minuto\" \/>\n<script type=\"application\/ld+json\" class=\"yoast-schema-graph\">{\"@context\":\"https:\\\/\\\/schema.org\",\"@graph\":[{\"@type\":\"WebPage\",\"@id\":\"https:\\\/\\\/tubbo.com\\\/es\\\/glamping\\\/especificaciones-de-la-habitacion\\\/\",\"url\":\"https:\\\/\\\/tubbo.com\\\/es\\\/glamping\\\/especificaciones-de-la-habitacion\\\/\",\"name\":\"Especificaciones de la habitaci\u00f3n - Tubbo Experience\",\"isPartOf\":{\"@id\":\"https:\\\/\\\/tubbo.com\\\/es\\\/#website\"},\"primaryImageOfPage\":{\"@id\":\"https:\\\/\\\/tubbo.com\\\/es\\\/glamping\\\/especificaciones-de-la-habitacion\\\/#primaryimage\"},\"image\":{\"@id\":\"https:\\\/\\\/tubbo.com\\\/es\\\/glamping\\\/especificaciones-de-la-habitacion\\\/#primaryimage\"},\"thumbnailUrl\":\"http:\\\/\\\/tubbo.com\\\/wp-content\\\/uploads\\\/2023\\\/03\\\/Tubbo-Suite-sketch-768x424.jpg\",\"datePublished\":\"2023-02-26T09:52:21+00:00\",\"dateModified\":\"2023-04-23T08:17:35+00:00\",\"breadcrumb\":{\"@id\":\"https:\\\/\\\/tubbo.com\\\/es\\\/glamping\\\/especificaciones-de-la-habitacion\\\/#breadcrumb\"},\"inLanguage\":\"es\",\"potentialAction\":[{\"@type\":\"ReadAction\",\"target\":[\"https:\\\/\\\/tubbo.com\\\/es\\\/glamping\\\/especificaciones-de-la-habitacion\\\/\"]}]},{\"@type\":\"ImageObject\",\"inLanguage\":\"es\",\"@id\":\"https:\\\/\\\/tubbo.com\\\/es\\\/glamping\\\/especificaciones-de-la-habitacion\\\/#primaryimage\",\"url\":\"http:\\\/\\\/tubbo.com\\\/wp-content\\\/uploads\\\/2023\\\/03\\\/Tubbo-Suite-sketch-768x424.jpg\",\"contentUrl\":\"http:\\\/\\\/tubbo.com\\\/wp-content\\\/uploads\\\/2023\\\/03\\\/Tubbo-Suite-sketch-768x424.jpg\"},{\"@type\":\"BreadcrumbList\",\"@id\":\"https:\\\/\\\/tubbo.com\\\/es\\\/glamping\\\/especificaciones-de-la-habitacion\\\/#breadcrumb\",\"itemListElement\":[{\"@type\":\"ListItem\",\"position\":1,\"name\":\"Portada\",\"item\":\"https:\\\/\\\/tubbo.com\\\/es\\\/\"},{\"@type\":\"ListItem\",\"position\":2,\"name\":\"Glamping\",\"item\":\"https:\\\/\\\/tubbo.com\\\/es\\\/glamping\\\/\"},{\"@type\":\"ListItem\",\"position\":3,\"name\":\"Especificaciones de la habitaci\u00f3n\"}]},{\"@type\":\"WebSite\",\"@id\":\"https:\\\/\\\/tubbo.com\\\/es\\\/#website\",\"url\":\"https:\\\/\\\/tubbo.com\\\/es\\\/\",\"name\":\"Tubbo Experience\",\"description\":\"Specialists in the design and manufacture of transparent enclosures\",\"publisher\":{\"@id\":\"https:\\\/\\\/tubbo.com\\\/es\\\/#organization\"},\"potentialAction\":[{\"@type\":\"SearchAction\",\"target\":{\"@type\":\"EntryPoint\",\"urlTemplate\":\"https:\\\/\\\/tubbo.com\\\/es\\\/?s={search_term_string}\"},\"query-input\":{\"@type\":\"PropertyValueSpecification\",\"valueRequired\":true,\"valueName\":\"search_term_string\"}}],\"inLanguage\":\"es\"},{\"@type\":\"Organization\",\"@id\":\"https:\\\/\\\/tubbo.com\\\/es\\\/#organization\",\"name\":\"Tubbo Experience\",\"url\":\"https:\\\/\\\/tubbo.com\\\/es\\\/\",\"logo\":{\"@type\":\"ImageObject\",\"inLanguage\":\"es\",\"@id\":\"https:\\\/\\\/tubbo.com\\\/es\\\/#\\\/schema\\\/logo\\\/image\\\/\",\"url\":\"https:\\\/\\\/tubbo.com\\\/wp-content\\\/uploads\\\/2023\\\/02\\\/cropped-Tubbo-logo-1.webp\",\"contentUrl\":\"https:\\\/\\\/tubbo.com\\\/wp-content\\\/uploads\\\/2023\\\/02\\\/cropped-Tubbo-logo-1.webp\",\"width\":686,\"height\":178,\"caption\":\"Tubbo Experience\"},\"image\":{\"@id\":\"https:\\\/\\\/tubbo.com\\\/es\\\/#\\\/schema\\\/logo\\\/image\\\/\"},\"sameAs\":[\"https:\\\/\\\/www.facebook.com\\\/TubboExperience\",\"https:\\\/\\\/x.com\\\/TubboWinter\",\"https:\\\/\\\/www.instagram.com\\\/tubboexperience\\\/\",\"https:\\\/\\\/www.pinterest.es\\\/TubboHospitality\\\/\",\"https:\\\/\\\/www.linkedin.com\\\/company\\\/tubbo-enclosures\\\/\",\"https:\\\/\\\/www.youtube.com\\\/@tubboexperience\"]}]}<\/script>\n<!-- \/ Yoast SEO plugin. -->","yoast_head_json":{"title":"Especificaciones de la habitaci\u00f3n - Tubbo Experience","robots":{"index":"index","follow":"follow","max-snippet":"max-snippet:-1","max-image-preview":"max-image-preview:large","max-video-preview":"max-video-preview:-1"},"canonical":"https:\/\/tubbo.com\/es\/glamping\/especificaciones-de-la-habitacion\/","og_locale":"es_ES","og_type":"article","og_title":"Especificaciones de la habitaci\u00f3n - Tubbo Experience","og_description":"Modelos de habitaciones Suite Tubbo 6,6 x 3,6 metros (23,5 m2). Cuarto de ba\u00f1o Dormitorio Sala de estar Tubbo Presidencial 8,6 x 3,6 metros (30,5 m2) Cuarto de ba\u00f1o Dormitorio Sala Fusionado con el medio ambiente Nuestros vinilos microperforados cumplen una doble funci\u00f3n. Por un lado, camuflan las suites disimul\u00e1ndolas en cualquier entorno y, por [&hellip;]","og_url":"https:\/\/tubbo.com\/es\/glamping\/especificaciones-de-la-habitacion\/","og_site_name":"Tubbo Experience","article_publisher":"https:\/\/www.facebook.com\/TubboExperience","article_modified_time":"2023-04-23T08:17:35+00:00","og_image":[{"url":"http:\/\/tubbo.com\/wp-content\/uploads\/2023\/03\/Tubbo-Suite-sketch-768x424.jpg","type":"","width":"","height":""}],"twitter_card":"summary_large_image","twitter_site":"@TubboWinter","twitter_misc":{"Tiempo de lectura":"1 minuto"},"schema":{"@context":"https:\/\/schema.org","@graph":[{"@type":"WebPage","@id":"https:\/\/tubbo.com\/es\/glamping\/especificaciones-de-la-habitacion\/","url":"https:\/\/tubbo.com\/es\/glamping\/especificaciones-de-la-habitacion\/","name":"Especificaciones de la habitaci\u00f3n - Tubbo Experience","isPartOf":{"@id":"https:\/\/tubbo.com\/es\/#website"},"primaryImageOfPage":{"@id":"https:\/\/tubbo.com\/es\/glamping\/especificaciones-de-la-habitacion\/#primaryimage"},"image":{"@id":"https:\/\/tubbo.com\/es\/glamping\/especificaciones-de-la-habitacion\/#primaryimage"},"thumbnailUrl":"http:\/\/tubbo.com\/wp-content\/uploads\/2023\/03\/Tubbo-Suite-sketch-768x424.jpg","datePublished":"2023-02-26T09:52:21+00:00","dateModified":"2023-04-23T08:17:35+00:00","breadcrumb":{"@id":"https:\/\/tubbo.com\/es\/glamping\/especificaciones-de-la-habitacion\/#breadcrumb"},"inLanguage":"es","potentialAction":[{"@type":"ReadAction","target":["https:\/\/tubbo.com\/es\/glamping\/especificaciones-de-la-habitacion\/"]}]},{"@type":"ImageObject","inLanguage":"es","@id":"https:\/\/tubbo.com\/es\/glamping\/especificaciones-de-la-habitacion\/#primaryimage","url":"http:\/\/tubbo.com\/wp-content\/uploads\/2023\/03\/Tubbo-Suite-sketch-768x424.jpg","contentUrl":"http:\/\/tubbo.com\/wp-content\/uploads\/2023\/03\/Tubbo-Suite-sketch-768x424.jpg"},{"@type":"BreadcrumbList","@id":"https:\/\/tubbo.com\/es\/glamping\/especificaciones-de-la-habitacion\/#breadcrumb","itemListElement":[{"@type":"ListItem","position":1,"name":"Portada","item":"https:\/\/tubbo.com\/es\/"},{"@type":"ListItem","position":2,"name":"Glamping","item":"https:\/\/tubbo.com\/es\/glamping\/"},{"@type":"ListItem","position":3,"name":"Especificaciones de la habitaci\u00f3n"}]},{"@type":"WebSite","@id":"https:\/\/tubbo.com\/es\/#website","url":"https:\/\/tubbo.com\/es\/","name":"Tubbo Experience","description":"Specialists in the design and manufacture of transparent enclosures","publisher":{"@id":"https:\/\/tubbo.com\/es\/#organization"},"potentialAction":[{"@type":"SearchAction","target":{"@type":"EntryPoint","urlTemplate":"https:\/\/tubbo.com\/es\/?s={search_term_string}"},"query-input":{"@type":"PropertyValueSpecification","valueRequired":true,"valueName":"search_term_string"}}],"inLanguage":"es"},{"@type":"Organization","@id":"https:\/\/tubbo.com\/es\/#organization","name":"Tubbo Experience","url":"https:\/\/tubbo.com\/es\/","logo":{"@type":"ImageObject","inLanguage":"es","@id":"https:\/\/tubbo.com\/es\/#\/schema\/logo\/image\/","url":"https:\/\/tubbo.com\/wp-content\/uploads\/2023\/02\/cropped-Tubbo-logo-1.webp","contentUrl":"https:\/\/tubbo.com\/wp-content\/uploads\/2023\/02\/cropped-Tubbo-logo-1.webp","width":686,"height":178,"caption":"Tubbo Experience"},"image":{"@id":"https:\/\/tubbo.com\/es\/#\/schema\/logo\/image\/"},"sameAs":["https:\/\/www.facebook.com\/TubboExperience","https:\/\/x.com\/TubboWinter","https:\/\/www.instagram.com\/tubboexperience\/","https:\/\/www.pinterest.es\/TubboHospitality\/","https:\/\/www.linkedin.com\/company\/tubbo-enclosures\/","https:\/\/www.youtube.com\/@tubboexperience"]}]}},"_links":{"self":[{"href":"https:\/\/tubbo.com\/es\/wp-json\/wp\/v2\/pages\/82909","targetHints":{"allow":["GET"]}}],"collection":[{"href":"https:\/\/tubbo.com\/es\/wp-json\/wp\/v2\/pages"}],"about":[{"href":"https:\/\/tubbo.com\/es\/wp-json\/wp\/v2\/types\/page"}],"author":[{"embeddable":true,"href":"https:\/\/tubbo.com\/es\/wp-json\/wp\/v2\/users\/2"}],"replies":[{"embeddable":true,"href":"https:\/\/tubbo.com\/es\/wp-json\/wp\/v2\/comments?post=82909"}],"version-history":[{"count":4,"href":"https:\/\/tubbo.com\/es\/wp-json\/wp\/v2\/pages\/82909\/revisions"}],"predecessor-version":[{"id":84059,"href":"https:\/\/tubbo.com\/es\/wp-json\/wp\/v2\/pages\/82909\/revisions\/84059"}],"up":[{"embeddable":true,"href":"https:\/\/tubbo.com\/es\/wp-json\/wp\/v2\/pages\/82933"}],"wp:attachment":[{"href":"https:\/\/tubbo.com\/es\/wp-json\/wp\/v2\/media?parent=82909"}],"curies":[{"name":"wp","href":"https:\/\/api.w.org\/{rel}","templated":true}]}}