{"id":82897,"date":"2023-02-25T13:58:39","date_gmt":"2023-02-25T13:58:39","guid":{"rendered":"https:\/\/tubbo.com\/contacto-con-nosotros\/"},"modified":"2024-04-01T14:16:52","modified_gmt":"2024-04-01T14:16:52","slug":"contacto","status":"publish","type":"page","link":"https:\/\/tubbo.com\/es\/contacto\/","title":{"rendered":"Contacto"},"content":{"rendered":"\t\t<div data-elementor-type=\"wp-page\" data-elementor-id=\"82897\" class=\"elementor elementor-82897 elementor-344\" data-elementor-post-type=\"page\">\n\t\t\t\t\t\t<section class=\"elementor-section elementor-top-section elementor-element elementor-element-6b6b8d7 elementor-section-boxed elementor-section-height-default elementor-section-height-default\" data-id=\"6b6b8d7\" data-element_type=\"section\" data-e-type=\"section\">\n\t\t\t\t\t\t<div class=\"elementor-container elementor-column-gap-default\">\n\t\t\t\t\t<div class=\"elementor-column elementor-col-100 elementor-top-column elementor-element elementor-element-a936ad9\" data-id=\"a936ad9\" data-element_type=\"column\" data-e-type=\"column\">\n\t\t\t<div class=\"elementor-widget-wrap elementor-element-populated\">\n\t\t\t\t\t\t<div class=\"elementor-element elementor-element-cb43861 elementor-widget elementor-widget-heading\" data-id=\"cb43861\" data-element_type=\"widget\" data-e-type=\"widget\" data-widget_type=\"heading.default\">\n\t\t\t\t<div class=\"elementor-widget-container\">\n\t\t\t\t\t<h1 class=\"elementor-heading-title elementor-size-default\">Contacto<\/h1>\t\t\t\t<\/div>\n\t\t\t\t<\/div>\n\t\t\t\t\t<\/div>\n\t\t<\/div>\n\t\t\t\t\t<\/div>\n\t\t<\/section>\n\t\t\t\t<section class=\"elementor-section elementor-top-section elementor-element elementor-element-6793c81 elementor-section-boxed elementor-section-height-default elementor-section-height-default\" data-id=\"6793c81\" data-element_type=\"section\" data-e-type=\"section\">\n\t\t\t\t\t\t<div class=\"elementor-container elementor-column-gap-default\">\n\t\t\t\t\t<div class=\"elementor-column elementor-col-100 elementor-top-column elementor-element elementor-element-4bf34e0\" data-id=\"4bf34e0\" data-element_type=\"column\" data-e-type=\"column\">\n\t\t\t<div class=\"elementor-widget-wrap elementor-element-populated\">\n\t\t\t\t\t\t<div class=\"elementor-element elementor-element-9eade44 elementor-widget elementor-widget-text-editor\" data-id=\"9eade44\" data-element_type=\"widget\" data-e-type=\"widget\" data-widget_type=\"text-editor.default\">\n\t\t\t\t<div class=\"elementor-widget-container\">\n\t\t\t\t\t\t\t\t\t<p>Rellene el siguiente formulario o env\u00edenos un correo electr\u00f3nico a <a href=\"mailto:sales@tubbo.com\" target=\"_blank\" rel=\"noopener\">sales@tubbo.com<\/a> y nos pondremos en contacto con usted lo antes posible.<\/p>\n<p>\u00a1Muchas gracias!<\/p>\n\t\t\t\t\t\t\t\t<\/div>\n\t\t\t\t<\/div>\n\t\t\t\t\t<\/div>\n\t\t<\/div>\n\t\t\t\t\t<\/div>\n\t\t<\/section>\n\t\t\t\t<section class=\"elementor-section elementor-top-section elementor-element elementor-element-b57e80f elementor-section-boxed elementor-section-height-default elementor-section-height-default\" data-id=\"b57e80f\" data-element_type=\"section\" data-e-type=\"section\">\n\t\t\t\t\t\t<div class=\"elementor-container elementor-column-gap-default\">\n\t\t\t\t\t<div class=\"elementor-column elementor-col-100 elementor-top-column elementor-element elementor-element-73e1b8e\" data-id=\"73e1b8e\" data-element_type=\"column\" data-e-type=\"column\">\n\t\t\t<div class=\"elementor-widget-wrap elementor-element-populated\">\n\t\t\t\t\t\t<div class=\"elementor-element elementor-element-a667a1c elementor-button-align-center elementor-widget elementor-widget-form\" data-id=\"a667a1c\" data-element_type=\"widget\" data-e-type=\"widget\" data-settings=\"{&quot;step_next_label&quot;:&quot;Siguiente&quot;,&quot;step_previous_label&quot;:&quot;Anteriormente&quot;,&quot;button_width&quot;:&quot;100&quot;,&quot;step_type&quot;:&quot;number_text&quot;,&quot;step_icon_shape&quot;:&quot;circle&quot;}\" data-widget_type=\"form.default\">\n\t\t\t\t<div class=\"elementor-widget-container\">\n\t\t\t\t\t\t\t<form class=\"elementor-form\" method=\"post\" name=\"Nuevo formulario\" aria-label=\"Nuevo formulario\">\n\t\t\t<input type=\"hidden\" name=\"post_id\" value=\"82897\"\/>\n\t\t\t<input type=\"hidden\" name=\"form_id\" value=\"a667a1c\"\/>\n\t\t\t<input type=\"hidden\" name=\"referer_title\" value=\"Contacto - Tubbo Experience\" \/>\n\n\t\t\t\t\t\t\t<input type=\"hidden\" name=\"queried_id\" value=\"82897\"\/>\n\t\t\t\n\t\t\t<div class=\"elementor-form-fields-wrapper elementor-labels-above\">\n\t\t\t\t\t\t\t\t<div class=\"elementor-field-type-text elementor-field-group elementor-column elementor-field-group-name elementor-col-100\">\n\t\t\t\t\t\t\t\t\t\t\t\t<label for=\"form-field-name\" class=\"elementor-field-label\">\n\t\t\t\t\t\t\t\tNombre\t\t\t\t\t\t\t<\/label>\n\t\t\t\t\t\t\t\t\t\t\t\t\t\t<input size=\"1\" type=\"text\" name=\"form_fields[name]\" id=\"form-field-name\" class=\"elementor-field elementor-size-lg  elementor-field-textual\">\n\t\t\t\t\t\t\t\t\t\t\t<\/div>\n\t\t\t\t\t\t\t\t<div class=\"elementor-field-type-text elementor-field-group elementor-column elementor-field-group-field_79c0e0c elementor-col-100\">\n\t\t\t\t\t\t\t\t\t\t\t\t<label for=\"form-field-field_79c0e0c\" class=\"elementor-field-label\">\n\t\t\t\t\t\t\t\tEmpresa\t\t\t\t\t\t\t<\/label>\n\t\t\t\t\t\t\t\t\t\t\t\t\t\t<input size=\"1\" type=\"text\" name=\"form_fields[field_79c0e0c]\" id=\"form-field-field_79c0e0c\" class=\"elementor-field elementor-size-lg  elementor-field-textual\">\n\t\t\t\t\t\t\t\t\t\t\t<\/div>\n\t\t\t\t\t\t\t\t<div class=\"elementor-field-type-email elementor-field-group elementor-column elementor-field-group-email elementor-col-100 elementor-field-required elementor-mark-required\">\n\t\t\t\t\t\t\t\t\t\t\t\t<label for=\"form-field-email\" class=\"elementor-field-label\">\n\t\t\t\t\t\t\t\tEmail\t\t\t\t\t\t\t<\/label>\n\t\t\t\t\t\t\t\t\t\t\t\t\t\t<input size=\"1\" type=\"email\" name=\"form_fields[email]\" id=\"form-field-email\" class=\"elementor-field elementor-size-lg  elementor-field-textual\" required=\"required\">\n\t\t\t\t\t\t\t\t\t\t\t<\/div>\n\t\t\t\t\t\t\t\t<div class=\"elementor-field-type-text elementor-field-group elementor-column elementor-field-group-field_08f4086 elementor-col-100\">\n\t\t\t\t\t\t\t\t\t\t\t\t<label for=\"form-field-field_08f4086\" class=\"elementor-field-label\">\n\t\t\t\t\t\t\t\tPa\u00eds\t\t\t\t\t\t\t<\/label>\n\t\t\t\t\t\t\t\t\t\t\t\t\t\t<input size=\"1\" type=\"text\" name=\"form_fields[field_08f4086]\" id=\"form-field-field_08f4086\" class=\"elementor-field elementor-size-lg  elementor-field-textual\">\n\t\t\t\t\t\t\t\t\t\t\t<\/div>\n\t\t\t\t\t\t\t\t<div class=\"elementor-field-type-tel elementor-field-group elementor-column elementor-field-group-field_84cf6f3 elementor-col-100\">\n\t\t\t\t\t\t\t\t\t\t\t\t<label for=\"form-field-field_84cf6f3\" class=\"elementor-field-label\">\n\t\t\t\t\t\t\t\tTel\u00e9fono\t\t\t\t\t\t\t<\/label>\n\t\t\t\t\t\t\t\t<input size=\"1\" type=\"tel\" name=\"form_fields[field_84cf6f3]\" id=\"form-field-field_84cf6f3\" class=\"elementor-field elementor-size-lg  elementor-field-textual\" pattern=\"[0-9()#&amp;+*-=.]+\" title=\"Solo se aceptan n\u00fameros y caracteres de tel\u00e9fono (#,-,*,etc).\">\n\n\t\t\t\t\t\t<\/div>\n\t\t\t\t\t\t\t\t<div class=\"elementor-field-type-select elementor-field-group elementor-column elementor-field-group-field_063de71 elementor-col-100\">\n\t\t\t\t\t\t\t\t\t\t\t\t<label for=\"form-field-field_063de71\" class=\"elementor-field-label\">\n\t\t\t\t\t\t\t\t\u00bfC\u00f3mo nos conoci\u00f3?\t\t\t\t\t\t\t<\/label>\n\t\t\t\t\t\t\t\t<div class=\"elementor-field elementor-select-wrapper remove-before \">\n\t\t\t<div class=\"select-caret-down-wrapper\">\n\t\t\t\t<i aria-hidden=\"true\" class=\"eicon-caret-down\"><\/i>\t\t\t<\/div>\n\t\t\t<select name=\"form_fields[field_063de71]\" id=\"form-field-field_063de71\" class=\"elementor-field-textual elementor-size-lg\">\n\t\t\t\t\t\t\t\t\t<option value=\"Seleccione una opci\u00f3n\">Seleccione una opci\u00f3n<\/option>\n\t\t\t\t\t\t\t\t\t<option value=\"En una feria\">En una feria<\/option>\n\t\t\t\t\t\t\t\t\t<option value=\"B\u00fasqueda en Internet (Google, Bing, ...)\">B\u00fasqueda en Internet (Google, Bing, ...)<\/option>\n\t\t\t\t\t\t\t\t\t<option value=\"Facebook\">Facebook<\/option>\n\t\t\t\t\t\t\t\t\t<option value=\"Instagram\">Instagram<\/option>\n\t\t\t\t\t\t\t\t\t<option value=\"LinkedIn\">LinkedIn<\/option>\n\t\t\t\t\t\t\t\t\t<option value=\"Pinterest\">Pinterest<\/option>\n\t\t\t\t\t\t\t\t\t<option value=\"Vi un anuncio en una revista\">Vi un anuncio en una revista<\/option>\n\t\t\t\t\t\t\t\t\t<option value=\"He recibido un correo electr\u00f3nico suyo\">He recibido un correo electr\u00f3nico suyo<\/option>\n\t\t\t\t\t\t\t\t\t<option value=\"Vi un Tubbo\">Vi un Tubbo<\/option>\n\t\t\t\t\t\t\t\t\t<option value=\"Me lo recomend\u00f3 un cliente suyo\">Me lo recomend\u00f3 un cliente suyo<\/option>\n\t\t\t\t\t\t\t\t\t<option value=\"Un vendedor de Tubbo me visit\u00f3\">Un vendedor de Tubbo me visit\u00f3<\/option>\n\t\t\t\t\t\t\t\t\t<option value=\"Un vendedor de Tubbo me telefone\u00f3\">Un vendedor de Tubbo me telefone\u00f3<\/option>\n\t\t\t\t\t\t\t\t\t<option value=\"\"><\/option>\n\t\t\t\t\t\t\t<\/select>\n\t\t<\/div>\n\t\t\t\t\t\t<\/div>\n\t\t\t\t\t\t\t\t<div class=\"elementor-field-type-textarea elementor-field-group elementor-column elementor-field-group-message elementor-col-100\">\n\t\t\t\t\t\t\t\t\t\t\t\t<label for=\"form-field-message\" class=\"elementor-field-label\">\n\t\t\t\t\t\t\t\tMensaje\t\t\t\t\t\t\t<\/label>\n\t\t\t\t\t\t<textarea class=\"elementor-field-textual elementor-field  elementor-size-lg\" name=\"form_fields[message]\" id=\"form-field-message\" rows=\"8\"><\/textarea>\t\t\t\t<\/div>\n\t\t\t\t\t\t\t\t<div class=\"elementor-field-type-acceptance elementor-field-group elementor-column elementor-field-group-field_938a1a5 elementor-col-100 elementor-field-required elementor-mark-required\">\n\t\t\t\t\t\t\t<div class=\"elementor-field-subgroup\">\n\t\t\t<span class=\"elementor-field-option\">\n\t\t\t\t<input type=\"checkbox\" name=\"form_fields[field_938a1a5]\" id=\"form-field-field_938a1a5\" class=\"elementor-field elementor-size-lg  elementor-acceptance-field\" required=\"required\">\n\t\t\t\t<label for=\"form-field-field_938a1a5\"><span style=\"color:#FF0000\";>*<\/span> Autorizo el tratamiento de mis datos personales<\/label>\t\t\t<\/span>\n\t\t<\/div>\n\t\t\t\t\t\t<\/div>\n\t\t\t\t\t\t\t\t<div class=\"elementor-field-type-acceptance elementor-field-group elementor-column elementor-field-group-field_7921edd elementor-col-100\">\n\t\t\t\t\t\t\t<div class=\"elementor-field-subgroup\">\n\t\t\t<span class=\"elementor-field-option\">\n\t\t\t\t<input type=\"checkbox\" name=\"form_fields[field_7921edd]\" id=\"form-field-field_7921edd\" class=\"elementor-field elementor-size-lg  elementor-acceptance-field\">\n\t\t\t\t<label for=\"form-field-field_7921edd\">Autorizo a recibir comunicaciones electr\u00f3nicas<\/label>\t\t\t<\/span>\n\t\t<\/div>\n\t\t\t\t\t\t<\/div>\n\t\t\t\t\t\t\t\t<div class=\"elementor-field-type-recaptcha_v3 elementor-field-group elementor-column elementor-field-group-field_f8facda elementor-col-100 recaptcha_v3-bottomright\">\n\t\t\t\t\t<div class=\"elementor-field\" id=\"form-field-field_f8facda\"><div class=\"elementor-g-recaptcha\" data-sitekey=\"6LcP0j4lAAAAAKQfV7aBFFhYCyWgO6A2p5KLgdpB\" data-type=\"v3\" data-action=\"Form\" data-badge=\"bottomright\" data-size=\"invisible\"><\/div><\/div>\t\t\t\t<\/div>\n\t\t\t\t\t\t\t\t<div class=\"elementor-field-group elementor-column elementor-field-type-submit elementor-col-100 e-form__buttons\">\n\t\t\t\t\t<button class=\"elementor-button elementor-size-lg\" type=\"submit\">\n\t\t\t\t\t\t<span class=\"elementor-button-content-wrapper\">\n\t\t\t\t\t\t\t\t\t\t\t\t\t\t\t\t\t\t\t\t\t\t<span class=\"elementor-button-text\">Enviar<\/span>\n\t\t\t\t\t\t\t\t\t\t\t\t\t<\/span>\n\t\t\t\t\t<\/button>\n\t\t\t\t<\/div>\n\t\t\t<\/div>\n\t\t<\/form>\n\t\t\t\t\t\t<\/div>\n\t\t\t\t<\/div>\n\t\t\t\t\t<\/div>\n\t\t<\/div>\n\t\t\t\t\t<\/div>\n\t\t<\/section>\n\t\t\t\t<section class=\"elementor-section elementor-top-section elementor-element elementor-element-a6ad565 elementor-section-boxed elementor-section-height-default elementor-section-height-default\" data-id=\"a6ad565\" data-element_type=\"section\" data-e-type=\"section\">\n\t\t\t\t\t\t<div class=\"elementor-container elementor-column-gap-default\">\n\t\t\t\t\t<div class=\"elementor-column elementor-col-100 elementor-top-column elementor-element elementor-element-526fec8\" data-id=\"526fec8\" data-element_type=\"column\" data-e-type=\"column\">\n\t\t\t<div class=\"elementor-widget-wrap elementor-element-populated\">\n\t\t\t\t\t\t<div class=\"elementor-element elementor-element-9741034 elementor-widget elementor-widget-heading\" data-id=\"9741034\" data-element_type=\"widget\" data-e-type=\"widget\" data-widget_type=\"heading.default\">\n\t\t\t\t<div class=\"elementor-widget-container\">\n\t\t\t\t\t<h2 class=\"elementor-heading-title elementor-size-default\">Mapa de situaci\u00f3n<\/h2>\t\t\t\t<\/div>\n\t\t\t\t<\/div>\n\t\t\t\t<div class=\"elementor-element elementor-element-fb5b0be elementor-widget elementor-widget-text-editor\" data-id=\"fb5b0be\" data-element_type=\"widget\" data-e-type=\"widget\" data-widget_type=\"text-editor.default\">\n\t\t\t\t<div class=\"elementor-widget-container\">\n\t\t\t\t\t\t\t\t\t<p>Nuestra sede se encuentra en Madrid, Espa\u00f1a<\/p>\n\t\t\t\t\t\t\t\t<\/div>\n\t\t\t\t<\/div>\n\t\t\t\t<div class=\"elementor-element elementor-element-6625717 elementor-widget elementor-widget-google_maps\" data-id=\"6625717\" data-element_type=\"widget\" data-e-type=\"widget\" data-widget_type=\"google_maps.default\">\n\t\t\t\t<div class=\"elementor-widget-container\">\n\t\t\t\t\t\t\t<div class=\"elementor-custom-embed\">\n\t\t\t<iframe loading=\"lazy\"\n\t\t\t\t\tsrc=\"https:\/\/maps.google.com\/maps?q=tubbo%20experience&#038;t=m&#038;z=6&#038;output=embed&#038;iwloc=near\"\n\t\t\t\t\ttitle=\"tubbo experience\"\n\t\t\t\t\taria-label=\"tubbo experience\"\n\t\t\t><\/iframe>\n\t\t<\/div>\n\t\t\t\t\t\t<\/div>\n\t\t\t\t<\/div>\n\t\t\t\t<div class=\"elementor-element elementor-element-20281cb elementor-widget elementor-widget-text-editor\" data-id=\"20281cb\" data-element_type=\"widget\" data-e-type=\"widget\" data-widget_type=\"text-editor.default\">\n\t\t\t\t<div class=\"elementor-widget-container\">\n\t\t\t\t\t\t\t\t\t<p>Direcci\u00f3n: C\/ Colombia, 1. 28220-Majadahonda, Madrid, Espa\u00f1a<\/p>\n<p>Tel\u00e9fono: (+34) 91 634 71 92 Correo electr\u00f3nico: sales@tubbo.com<\/p>\n\t\t\t\t\t\t\t\t<\/div>\n\t\t\t\t<\/div>\n\t\t\t\t\t<\/div>\n\t\t<\/div>\n\t\t\t\t\t<\/div>\n\t\t<\/section>\n\t\t\t\t<\/div>\n\t\t","protected":false},"excerpt":{"rendered":"<p>Rellene el siguiente formulario o env\u00edenos un correo electr\u00f3nico a sales@tubbo.com y nos pondremos en contacto con usted lo antes posible. \u00a1Muchas gracias! Mapa de situaci\u00f3n Nuestra sede se encuentra en Madrid, Espa\u00f1a Direcci\u00f3n: C\/ Colombia, 1. 28220-Majadahonda, Madrid, Espa\u00f1a Tel\u00e9fono: (+34) 91 634 71 92 Correo electr\u00f3nico: sales@tubbo.com<\/p>\n","protected":false},"author":2,"featured_media":0,"parent":0,"menu_order":0,"comment_status":"closed","ping_status":"closed","template":"","meta":{"_joinchat":[],"footnotes":""},"class_list":["post-82897","page","type-page","status-publish","hentry"],"yoast_head":"<!-- This site is optimized with the Yoast SEO plugin v27.3 - https:\/\/yoast.com\/product\/yoast-seo-wordpress\/ -->\n<title>Contacto - Tubbo Experience<\/title>\n<meta name=\"robots\" content=\"index, follow, max-snippet:-1, max-image-preview:large, max-video-preview:-1\" \/>\n<link rel=\"canonical\" href=\"https:\/\/tubbo.com\/es\/contacto\/\" \/>\n<meta property=\"og:locale\" content=\"es_ES\" \/>\n<meta property=\"og:type\" content=\"article\" \/>\n<meta property=\"og:title\" content=\"Contacto - Tubbo Experience\" \/>\n<meta property=\"og:description\" content=\"Rellene el siguiente formulario o env\u00edenos un correo electr\u00f3nico a sales@tubbo.com y nos pondremos en contacto con usted lo antes posible. \u00a1Muchas gracias! Mapa de situaci\u00f3n Nuestra sede se encuentra en Madrid, Espa\u00f1a Direcci\u00f3n: C\/ Colombia, 1. 28220-Majadahonda, Madrid, Espa\u00f1a Tel\u00e9fono: (+34) 91 634 71 92 Correo electr\u00f3nico: sales@tubbo.com\" \/>\n<meta property=\"og:url\" content=\"https:\/\/tubbo.com\/es\/contacto\/\" \/>\n<meta property=\"og:site_name\" content=\"Tubbo Experience\" \/>\n<meta property=\"article:publisher\" content=\"https:\/\/www.facebook.com\/TubboExperience\" \/>\n<meta property=\"article:modified_time\" content=\"2024-04-01T14:16:52+00:00\" \/>\n<meta name=\"twitter:card\" content=\"summary_large_image\" \/>\n<meta name=\"twitter:site\" content=\"@TubboWinter\" \/>\n<meta name=\"twitter:label1\" content=\"Tiempo de lectura\" \/>\n\t<meta name=\"twitter:data1\" content=\"1 minuto\" \/>\n<script type=\"application\/ld+json\" class=\"yoast-schema-graph\">{\"@context\":\"https:\\\/\\\/schema.org\",\"@graph\":[{\"@type\":\"WebPage\",\"@id\":\"https:\\\/\\\/tubbo.com\\\/es\\\/contacto\\\/\",\"url\":\"https:\\\/\\\/tubbo.com\\\/es\\\/contacto\\\/\",\"name\":\"Contacto - Tubbo Experience\",\"isPartOf\":{\"@id\":\"https:\\\/\\\/tubbo.com\\\/es\\\/#website\"},\"datePublished\":\"2023-02-25T13:58:39+00:00\",\"dateModified\":\"2024-04-01T14:16:52+00:00\",\"breadcrumb\":{\"@id\":\"https:\\\/\\\/tubbo.com\\\/es\\\/contacto\\\/#breadcrumb\"},\"inLanguage\":\"es\",\"potentialAction\":[{\"@type\":\"ReadAction\",\"target\":[\"https:\\\/\\\/tubbo.com\\\/es\\\/contacto\\\/\"]}]},{\"@type\":\"BreadcrumbList\",\"@id\":\"https:\\\/\\\/tubbo.com\\\/es\\\/contacto\\\/#breadcrumb\",\"itemListElement\":[{\"@type\":\"ListItem\",\"position\":1,\"name\":\"Portada\",\"item\":\"https:\\\/\\\/tubbo.com\\\/es\\\/\"},{\"@type\":\"ListItem\",\"position\":2,\"name\":\"Contacto\"}]},{\"@type\":\"WebSite\",\"@id\":\"https:\\\/\\\/tubbo.com\\\/es\\\/#website\",\"url\":\"https:\\\/\\\/tubbo.com\\\/es\\\/\",\"name\":\"Tubbo Experience\",\"description\":\"Specialists in the design and manufacture of transparent enclosures\",\"publisher\":{\"@id\":\"https:\\\/\\\/tubbo.com\\\/es\\\/#organization\"},\"potentialAction\":[{\"@type\":\"SearchAction\",\"target\":{\"@type\":\"EntryPoint\",\"urlTemplate\":\"https:\\\/\\\/tubbo.com\\\/es\\\/?s={search_term_string}\"},\"query-input\":{\"@type\":\"PropertyValueSpecification\",\"valueRequired\":true,\"valueName\":\"search_term_string\"}}],\"inLanguage\":\"es\"},{\"@type\":\"Organization\",\"@id\":\"https:\\\/\\\/tubbo.com\\\/es\\\/#organization\",\"name\":\"Tubbo Experience\",\"url\":\"https:\\\/\\\/tubbo.com\\\/es\\\/\",\"logo\":{\"@type\":\"ImageObject\",\"inLanguage\":\"es\",\"@id\":\"https:\\\/\\\/tubbo.com\\\/es\\\/#\\\/schema\\\/logo\\\/image\\\/\",\"url\":\"https:\\\/\\\/tubbo.com\\\/wp-content\\\/uploads\\\/2023\\\/02\\\/cropped-Tubbo-logo-1.webp\",\"contentUrl\":\"https:\\\/\\\/tubbo.com\\\/wp-content\\\/uploads\\\/2023\\\/02\\\/cropped-Tubbo-logo-1.webp\",\"width\":686,\"height\":178,\"caption\":\"Tubbo Experience\"},\"image\":{\"@id\":\"https:\\\/\\\/tubbo.com\\\/es\\\/#\\\/schema\\\/logo\\\/image\\\/\"},\"sameAs\":[\"https:\\\/\\\/www.facebook.com\\\/TubboExperience\",\"https:\\\/\\\/x.com\\\/TubboWinter\",\"https:\\\/\\\/www.instagram.com\\\/tubboexperience\\\/\",\"https:\\\/\\\/www.pinterest.es\\\/TubboHospitality\\\/\",\"https:\\\/\\\/www.linkedin.com\\\/company\\\/tubbo-enclosures\\\/\",\"https:\\\/\\\/www.youtube.com\\\/@tubboexperience\"]}]}<\/script>\n<!-- \/ Yoast SEO plugin. -->","yoast_head_json":{"title":"Contacto - Tubbo Experience","robots":{"index":"index","follow":"follow","max-snippet":"max-snippet:-1","max-image-preview":"max-image-preview:large","max-video-preview":"max-video-preview:-1"},"canonical":"https:\/\/tubbo.com\/es\/contacto\/","og_locale":"es_ES","og_type":"article","og_title":"Contacto - Tubbo Experience","og_description":"Rellene el siguiente formulario o env\u00edenos un correo electr\u00f3nico a sales@tubbo.com y nos pondremos en contacto con usted lo antes posible. \u00a1Muchas gracias! Mapa de situaci\u00f3n Nuestra sede se encuentra en Madrid, Espa\u00f1a Direcci\u00f3n: C\/ Colombia, 1. 28220-Majadahonda, Madrid, Espa\u00f1a Tel\u00e9fono: (+34) 91 634 71 92 Correo electr\u00f3nico: sales@tubbo.com","og_url":"https:\/\/tubbo.com\/es\/contacto\/","og_site_name":"Tubbo Experience","article_publisher":"https:\/\/www.facebook.com\/TubboExperience","article_modified_time":"2024-04-01T14:16:52+00:00","twitter_card":"summary_large_image","twitter_site":"@TubboWinter","twitter_misc":{"Tiempo de lectura":"1 minuto"},"schema":{"@context":"https:\/\/schema.org","@graph":[{"@type":"WebPage","@id":"https:\/\/tubbo.com\/es\/contacto\/","url":"https:\/\/tubbo.com\/es\/contacto\/","name":"Contacto - Tubbo Experience","isPartOf":{"@id":"https:\/\/tubbo.com\/es\/#website"},"datePublished":"2023-02-25T13:58:39+00:00","dateModified":"2024-04-01T14:16:52+00:00","breadcrumb":{"@id":"https:\/\/tubbo.com\/es\/contacto\/#breadcrumb"},"inLanguage":"es","potentialAction":[{"@type":"ReadAction","target":["https:\/\/tubbo.com\/es\/contacto\/"]}]},{"@type":"BreadcrumbList","@id":"https:\/\/tubbo.com\/es\/contacto\/#breadcrumb","itemListElement":[{"@type":"ListItem","position":1,"name":"Portada","item":"https:\/\/tubbo.com\/es\/"},{"@type":"ListItem","position":2,"name":"Contacto"}]},{"@type":"WebSite","@id":"https:\/\/tubbo.com\/es\/#website","url":"https:\/\/tubbo.com\/es\/","name":"Tubbo Experience","description":"Specialists in the design and manufacture of transparent enclosures","publisher":{"@id":"https:\/\/tubbo.com\/es\/#organization"},"potentialAction":[{"@type":"SearchAction","target":{"@type":"EntryPoint","urlTemplate":"https:\/\/tubbo.com\/es\/?s={search_term_string}"},"query-input":{"@type":"PropertyValueSpecification","valueRequired":true,"valueName":"search_term_string"}}],"inLanguage":"es"},{"@type":"Organization","@id":"https:\/\/tubbo.com\/es\/#organization","name":"Tubbo Experience","url":"https:\/\/tubbo.com\/es\/","logo":{"@type":"ImageObject","inLanguage":"es","@id":"https:\/\/tubbo.com\/es\/#\/schema\/logo\/image\/","url":"https:\/\/tubbo.com\/wp-content\/uploads\/2023\/02\/cropped-Tubbo-logo-1.webp","contentUrl":"https:\/\/tubbo.com\/wp-content\/uploads\/2023\/02\/cropped-Tubbo-logo-1.webp","width":686,"height":178,"caption":"Tubbo Experience"},"image":{"@id":"https:\/\/tubbo.com\/es\/#\/schema\/logo\/image\/"},"sameAs":["https:\/\/www.facebook.com\/TubboExperience","https:\/\/x.com\/TubboWinter","https:\/\/www.instagram.com\/tubboexperience\/","https:\/\/www.pinterest.es\/TubboHospitality\/","https:\/\/www.linkedin.com\/company\/tubbo-enclosures\/","https:\/\/www.youtube.com\/@tubboexperience"]}]}},"_links":{"self":[{"href":"https:\/\/tubbo.com\/es\/wp-json\/wp\/v2\/pages\/82897","targetHints":{"allow":["GET"]}}],"collection":[{"href":"https:\/\/tubbo.com\/es\/wp-json\/wp\/v2\/pages"}],"about":[{"href":"https:\/\/tubbo.com\/es\/wp-json\/wp\/v2\/types\/page"}],"author":[{"embeddable":true,"href":"https:\/\/tubbo.com\/es\/wp-json\/wp\/v2\/users\/2"}],"replies":[{"embeddable":true,"href":"https:\/\/tubbo.com\/es\/wp-json\/wp\/v2\/comments?post=82897"}],"version-history":[{"count":25,"href":"https:\/\/tubbo.com\/es\/wp-json\/wp\/v2\/pages\/82897\/revisions"}],"predecessor-version":[{"id":88674,"href":"https:\/\/tubbo.com\/es\/wp-json\/wp\/v2\/pages\/82897\/revisions\/88674"}],"wp:attachment":[{"href":"https:\/\/tubbo.com\/es\/wp-json\/wp\/v2\/media?parent=82897"}],"curies":[{"name":"wp","href":"https:\/\/api.w.org\/{rel}","templated":true}]}}